{"id":319,"date":"2025-09-22T17:09:10","date_gmt":"2025-09-22T14:09:10","guid":{"rendered":"https:\/\/mustafaalniak.com\/blog\/?page_id=319"},"modified":"2025-10-07T18:07:32","modified_gmt":"2025-10-07T15:07:32","slug":"siir","status":"publish","type":"page","link":"https:\/\/mustafaalniak.com\/blog\/siir","title":{"rendered":"\u015fiir \/ al\u0131nt\u0131lar"},"content":{"rendered":"\n<p>Y\u0131llard\u0131r okuyup okuyup durdu\u011fum o g\u00fcze sat\u0131rlar\u0131 art\u0131k bu sayfada toplamaya karar verdim. Eminim sizde bu sat\u0131rlarda kendinizi bulacaks\u0131n\u0131z. A\u015fa\u011f\u0131da size ait hisler olabilir, bir g\u00f6z at\u0131n \ud83d\ude09<\/p>\n\n\n\n<blockquote class=\"wp-block-quote is-layout-flow wp-block-quote-is-layout-flow\">\n<p>&#8220;A\u011flat\u0131r beni d\u00fcnya ehlinin ac\u0131mas\u0131zl\u0131\u011f\u0131;<br>Bu fani alem i\u00e7in beklentiye giren kalbime de k\u0131rg\u0131n\u0131m&#8230;&#8221; &#8211; Cahit Zarifo\u011flu<\/p>\n<\/blockquote>\n\n\n\n<blockquote class=\"wp-block-quote is-layout-flow wp-block-quote-is-layout-flow\">\n<p>&#8220;g\u00fczel g\u00fcnler \u00e7abuk ge\u00e7er.<br>i\u00e7imiz hep bir ho\u015f\u00e7akal \u00fclkesi&#8221; &#8211; Cahit Zarifo\u011flu<\/p>\n<\/blockquote>\n\n\n\n<blockquote class=\"wp-block-quote is-layout-flow wp-block-quote-is-layout-flow\">\n<p>&#8220;Iss\u0131z tepelerde g\u00fcne\u015fe bak\u0131p saati tahmin etsem; haberim olmasa hi\u00e7 per\u015fembeden, pazartesiden.&#8221; &#8211; Turgut Uyar<\/p>\n<\/blockquote>\n\n\n\n<blockquote class=\"wp-block-quote is-layout-flow wp-block-quote-is-layout-flow\">\n<p>&#8220;ah sonumu k\u00fc\u00e7\u00fck \u015feyler getirecek benim \/ k\u00fc\u00e7\u00fck meselelere b\u00fcy\u00fck tak\u0131laca\u011f\u0131m \/ ka\u011f\u0131t kesi\u011finden olacak sonum \/ bo\u015flu\u011funa gelece\u011fim kendimin \/ biliyorum&#8230;&#8221;<\/p>\n<\/blockquote>\n\n\n\n<blockquote class=\"wp-block-quote is-layout-flow wp-block-quote-is-layout-flow\">\n<p>\u201cBitmedi, yazaca\u011f\u0131m daha<br>Yazmazsam a\u011flayaca\u011f\u0131m \u00e7\u00fcnk\u00fc<br>Al\u00e7ak\u00e7a olacak biraz.\u201d &#8211; Turgut Uyar<\/p>\n<\/blockquote>\n","protected":false},"excerpt":{"rendered":"<p>Y\u0131llard\u0131r okuyup okuyup durdu\u011fum o g\u00fcze sat\u0131rlar\u0131 art\u0131k bu sayfada toplamaya karar verdim. Eminim sizde bu sat\u0131rlarda kendinizi bulacaks\u0131n\u0131z. A\u015fa\u011f\u0131da size ait hisler olabilir, bir g\u00f6z at\u0131n \ud83d\ude09 &#8220;A\u011flat\u0131r beni d\u00fcnya ehlinin ac\u0131mas\u0131zl\u0131\u011f\u0131;Bu fani alem i\u00e7in beklentiye giren kalbime de k\u0131rg\u0131n\u0131m&#8230;&#8221; &#8211; Cahit Zarifo\u011flu &#8220;g\u00fczel g\u00fcnler \u00e7abuk ge\u00e7er.i\u00e7imiz hep bir ho\u015f\u00e7akal \u00fclkesi&#8221; &#8211; Cahit Zarifo\u011flu &hellip; <a href=\"https:\/\/mustafaalniak.com\/blog\/siir\" class=\"more-link\">Okumaya devam et <span class=\"screen-reader-text\">\u015fiir \/ al\u0131nt\u0131lar<\/span><\/a><\/p>\n","protected":false},"author":1,"featured_media":0,"parent":0,"menu_order":0,"comment_status":"closed","ping_status":"closed","template":"","meta":{"footnotes":""},"class_list":["post-319","page","type-page","status-publish","hentry"],"_links":{"self":[{"href":"https:\/\/mustafaalniak.com\/blog\/wp-json\/wp\/v2\/pages\/319","targetHints":{"allow":["GET"]}}],"collection":[{"href":"https:\/\/mustafaalniak.com\/blog\/wp-json\/wp\/v2\/pages"}],"about":[{"href":"https:\/\/mustafaalniak.com\/blog\/wp-json\/wp\/v2\/types\/page"}],"author":[{"embeddable":true,"href":"https:\/\/mustafaalniak.com\/blog\/wp-json\/wp\/v2\/users\/1"}],"replies":[{"embeddable":true,"href":"https:\/\/mustafaalniak.com\/blog\/wp-json\/wp\/v2\/comments?post=319"}],"version-history":[{"count":14,"href":"https:\/\/mustafaalniak.com\/blog\/wp-json\/wp\/v2\/pages\/319\/revisions"}],"predecessor-version":[{"id":354,"href":"https:\/\/mustafaalniak.com\/blog\/wp-json\/wp\/v2\/pages\/319\/revisions\/354"}],"wp:attachment":[{"href":"https:\/\/mustafaalniak.com\/blog\/wp-json\/wp\/v2\/media?parent=319"}],"curies":[{"name":"wp","href":"https:\/\/api.w.org\/{rel}","templated":true}]}}